{"id":23313,"date":"2021-05-05T08:23:10","date_gmt":"2021-05-05T08:23:10","guid":{"rendered":"https:\/\/cellura.io\/conditions-generales\/"},"modified":"2025-06-23T10:26:42","modified_gmt":"2025-06-23T10:26:42","slug":"conditions-generales","status":"publish","type":"page","link":"https:\/\/cellura.io\/fr\/conditions-generales\/","title":{"rendered":"Conditions g\u00e9n\u00e9rales"},"content":{"rendered":"\t\t<div data-elementor-type=\"wp-page\" data-elementor-id=\"23313\" class=\"elementor elementor-23313 elementor-12954\" data-elementor-post-type=\"page\">\n\t\t\t\t\t\t<section class=\"elementor-section elementor-top-section elementor-element elementor-element-32c382d scheme_dark elementor-section-content-middle elementor-reverse-mobile elementor-section-full_width elementor-section-height-default elementor-section-height-default sc_fly_static\" data-id=\"32c382d\" data-element_type=\"section\" data-settings=\"{&quot;background_background&quot;:&quot;classic&quot;}\">\n\t\t\t\t\t\t\t<div class=\"elementor-background-overlay\"><\/div>\n\t\t\t\t\t\t\t<div class=\"elementor-container elementor-column-gap-default\">\n\t\t\t\t\t<div class=\"elementor-column elementor-col-100 elementor-top-column elementor-element elementor-element-959db73 sc_content_align_inherit sc_layouts_column_icons_position_left sc_fly_static\" data-id=\"959db73\" data-element_type=\"column\">\n\t\t\t<div class=\"elementor-widget-wrap elementor-element-populated\">\n\t\t\t\t\t\t<div class=\"elementor-element elementor-element-3bf6353 sc_height_medium sc_layouts_hide_on_tablet sc_layouts_hide_on_mobile sc_fly_static elementor-widget elementor-widget-spacer\" data-id=\"3bf6353\" data-element_type=\"widget\" data-widget_type=\"spacer.default\">\n\t\t\t\t<div class=\"elementor-widget-container\">\n\t\t\t\t\t\t\t<div class=\"elementor-spacer\">\n\t\t\t<div class=\"elementor-spacer-inner\"><\/div>\n\t\t<\/div>\n\t\t\t\t\t\t<\/div>\n\t\t\t\t<\/div>\n\t\t\t\t<div class=\"elementor-element elementor-element-e60e109 sc_height_huge sc_fly_static elementor-widget elementor-widget-spacer\" data-id=\"e60e109\" data-element_type=\"widget\" data-widget_type=\"spacer.default\">\n\t\t\t\t<div class=\"elementor-widget-container\">\n\t\t\t\t\t\t\t<div class=\"elementor-spacer\">\n\t\t\t<div class=\"elementor-spacer-inner\"><\/div>\n\t\t<\/div>\n\t\t\t\t\t\t<\/div>\n\t\t\t\t<\/div>\n\t\t\t\t<div class=\"elementor-element elementor-element-9986848 sc_fly_static elementor-widget elementor-widget-trx_sc_title\" data-id=\"9986848\" data-element_type=\"widget\" data-widget_type=\"trx_sc_title.default\">\n\t\t\t\t<div class=\"elementor-widget-container\">\n\t\t\t\t\t<div\t\tclass=\"sc_title sc_title_default\" ><h1 class=\"sc_item_title sc_title_title sc_align_center sc_item_title_style_default sc_item_title_tag\"\n\t\t\t><span class=\"sc_item_title_text\">Conditions g\u00e9n\u00e9rales<\/span><\/h1><\/div>\t\t\t\t<\/div>\n\t\t\t\t<\/div>\n\t\t\t\t<div class=\"elementor-element elementor-element-adc1cfa sc_height_huge sc_fly_static elementor-widget elementor-widget-spacer\" data-id=\"adc1cfa\" data-element_type=\"widget\" data-widget_type=\"spacer.default\">\n\t\t\t\t<div class=\"elementor-widget-container\">\n\t\t\t\t\t\t\t<div class=\"elementor-spacer\">\n\t\t\t<div class=\"elementor-spacer-inner\"><\/div>\n\t\t<\/div>\n\t\t\t\t\t\t<\/div>\n\t\t\t\t<\/div>\n\t\t\t\t<div class=\"elementor-element elementor-element-178b4a4 sc_height_medium sc_layouts_hide_on_tablet sc_layouts_hide_on_mobile sc_fly_static elementor-widget elementor-widget-spacer\" data-id=\"178b4a4\" data-element_type=\"widget\" data-widget_type=\"spacer.default\">\n\t\t\t\t<div class=\"elementor-widget-container\">\n\t\t\t\t\t\t\t<div class=\"elementor-spacer\">\n\t\t\t<div class=\"elementor-spacer-inner\"><\/div>\n\t\t<\/div>\n\t\t\t\t\t\t<\/div>\n\t\t\t\t<\/div>\n\t\t\t\t\t<\/div>\n\t\t<\/div>\n\t\t\t\t\t<\/div>\n\t\t<\/section>\n\t\t\t\t<section class=\"elementor-section elementor-top-section elementor-element elementor-element-6270b612 elementor-section-boxed elementor-section-height-default elementor-section-height-default sc_fly_static\" data-id=\"6270b612\" data-element_type=\"section\" data-settings=\"{&quot;background_background&quot;:&quot;classic&quot;}\">\n\t\t\t\t\t\t<div class=\"elementor-container elementor-column-gap-extended\">\n\t\t\t\t\t<div class=\"elementor-column elementor-col-100 elementor-top-column elementor-element elementor-element-69230226 sc_inner_width_none cc-terms sc_content_align_inherit sc_layouts_column_icons_position_left sc_fly_static\" data-id=\"69230226\" data-element_type=\"column\">\n\t\t\t<div class=\"elementor-widget-wrap elementor-element-populated\">\n\t\t\t\t\t\t<div class=\"elementor-element elementor-element-ccf2e52 sc_height_large sc_fly_static elementor-widget elementor-widget-spacer\" data-id=\"ccf2e52\" data-element_type=\"widget\" data-widget_type=\"spacer.default\">\n\t\t\t\t<div class=\"elementor-widget-container\">\n\t\t\t\t\t\t\t<div class=\"elementor-spacer\">\n\t\t\t<div class=\"elementor-spacer-inner\"><\/div>\n\t\t<\/div>\n\t\t\t\t\t\t<\/div>\n\t\t\t\t<\/div>\n\t\t\t\t<div class=\"elementor-element elementor-element-b0a055b sc_fly_static elementor-widget elementor-widget-text-editor\" data-id=\"b0a055b\" data-element_type=\"widget\" data-widget_type=\"text-editor.default\">\n\t\t\t\t<div class=\"elementor-widget-container\">\n\t\t\t\t\t\t\t\t\t<p>Derni\u00e8re mise \u00e0 jour\u00a0: 22\u00a0juin\u00a02025<br \/>Bienvenue sur le site web de SCT Soft Cell Therapeutics, op\u00e9rant sous la marque Cellura. En acc\u00e9dant ou en utilisant notre site web \u00e0 l\u2019adresse https:\/\/cellura.io (le \u00ab\u00a0Site web\u00a0\u00bb), vous acceptez de respecter et d\u2019\u00eatre li\u00e9 par les pr\u00e9sentes Conditions g\u00e9n\u00e9rales (les \u00ab\u00a0Conditions\u00a0\u00bb). Si vous n\u2019acceptez pas ces Conditions, veuillez vous abstenir d\u2019utiliser notre site web.<\/p><h5>Objectif du site web<\/h5><p>Le site web a pour but de pr\u00e9senter la mission, la technologie et les d\u00e9veloppements de SCT Soft Cell Therapeutics (Cellura). Son contenu est purement informatif et ne constitue ni une offre commerciale, ni un conseil m\u00e9dical, ni un engagement contractuel.<\/p><h5>Acc\u00e8s et utilisation du site web<\/h5><p>Vous pouvez acc\u00e9der au site web et l\u2019utiliser uniquement \u00e0 des fins l\u00e9gales et personnelles. Vous vous engagez \u00e0 ne pas\u00a0:<\/p><ul><li>Utiliser le site Web en violation des lois et r\u00e9glementations en vigueur\u00a0;<\/li><li>Tenter de perturber, d&rsquo;endommager ou d&rsquo;acc\u00e9der sans autorisation \u00e0 toute partie du site Web\u00a0;<\/li><li>Copier, reproduire, modifier ou exploiter tout contenu sans autorisation \u00e9crite pr\u00e9alable\u00a0;<\/li><\/ul><p>Nous nous r\u00e9servons le droit de suspendre ou de bloquer l&rsquo;acc\u00e8s \u00e0 tout moment et sans pr\u00e9avis.<\/p><h5>Propri\u00e9t\u00e9 intellectuelle<\/h5><p>L&rsquo;ensemble du contenu de ce site web, y compris les textes, visuels, logos, graphiques, donn\u00e9es et codes, est la propri\u00e9t\u00e9 exclusive de SCT Soft Cell Therapeutics ou de ses partenaires et est prot\u00e9g\u00e9 par les lois sur la propri\u00e9t\u00e9 intellectuelle. Aucune partie ne peut \u00eatre copi\u00e9e, reproduite, modifi\u00e9e ou distribu\u00e9e sans notre accord \u00e9crit pr\u00e9alable.<\/p><h5>Limitation de responsabilit\u00e9<\/h5><p>Le site web et son contenu sont fournis \u00ab\u00a0en l&rsquo;\u00e9tat\u00a0\u00bb. Bien que nous nous efforcions d&rsquo;assurer l&rsquo;exactitude des informations, nous ne garantissons ni leur exhaustivit\u00e9 ni leur fiabilit\u00e9. SCT Soft Cell Therapeutics d\u00e9cline toute responsabilit\u00e9 en cas\u00a0:<\/p><ul><li>Erreurs ou omissions<\/li><li>Interruptions du site ou probl\u00e8mes techniques<\/li><li>Dommages directs ou indirects r\u00e9sultant de l&rsquo;utilisation ou de l&rsquo;impossibilit\u00e9 d&rsquo;utiliser le site web<\/li><\/ul><h5>Liens externes<\/h5><p>Le site web peut contenir des liens vers des sites web tiers. Ces liens sont fournis uniquement \u00e0 titre indicatif. SCT Soft Cell Therapeutics n&rsquo;approuve, ne contr\u00f4le ni ne garantit le contenu de ces sites et d\u00e9cline toute responsabilit\u00e9 li\u00e9e \u00e0 leur utilisation.<\/p><h5>Protection des donn\u00e9es et cookies<\/h5><p>Nous respectons votre vie priv\u00e9e et traitons vos donn\u00e9es personnelles conform\u00e9ment aux lois applicables, y compris le RGPD. Veuillez consulter notre Politique de confidentialit\u00e9 et notre Politique relative aux cookies pour plus de d\u00e9tails.<\/p><h5>Modifications<\/h5><p>Ces Conditions peuvent \u00eatre mises \u00e0 jour \u00e0 tout moment. Toute modification sera publi\u00e9e sur cette page, avec sa date d&rsquo;entr\u00e9e en vigueur. L&rsquo;utilisation continue du site web vaut acceptation des Conditions r\u00e9vis\u00e9es.<\/p><h5>Loi applicable et juridiction comp\u00e9tente<\/h5><p>Les pr\u00e9sentes Conditions sont r\u00e9gies par le droit fran\u00e7ais. Tout litige d\u00e9coulant du site web ou des pr\u00e9sentes Conditions sera soumis \u00e0 la comp\u00e9tence exclusive des tribunaux de Marseille, France.<\/p><p>Pour toute question, veuillez nous contacter \u00e0 l&rsquo;adresse suivante\u00a0: <a href=\"mailto:@cellura.io\">@cellura.io<\/a><\/p>\t\t\t\t\t\t\t\t<\/div>\n\t\t\t\t<\/div>\n\t\t\t\t<div class=\"elementor-element elementor-element-a0797c2 sc_height_large sc_fly_static elementor-widget elementor-widget-spacer\" data-id=\"a0797c2\" data-element_type=\"widget\" data-widget_type=\"spacer.default\">\n\t\t\t\t<div class=\"elementor-widget-container\">\n\t\t\t\t\t\t\t<div class=\"elementor-spacer\">\n\t\t\t<div class=\"elementor-spacer-inner\"><\/div>\n\t\t<\/div>\n\t\t\t\t\t\t<\/div>\n\t\t\t\t<\/div>\n\t\t\t\t\t<\/div>\n\t\t<\/div>\n\t\t\t\t\t<\/div>\n\t\t<\/section>\n\t\t\t\t<\/div>\n\t\t","protected":false},"excerpt":{"rendered":"<p>Conditions g\u00e9n\u00e9rales Derni\u00e8re mise \u00e0 jour\u00a0: 22\u00a0juin\u00a02025Bienvenue sur le site web de SCT Soft Cell Therapeutics, op\u00e9rant sous la marque Cellura. En acc\u00e9dant ou en utilisant notre site web \u00e0&hellip;<\/p>\n","protected":false},"author":1,"featured_media":22916,"parent":0,"menu_order":0,"comment_status":"closed","ping_status":"closed","template":"","meta":{"content-type":"","footnotes":""},"class_list":["post-23313","page","type-page","status-publish","has-post-thumbnail","hentry"],"yoast_head":"<!-- This site is optimized with the Yoast SEO plugin v25.4 - https:\/\/yoast.com\/wordpress\/plugins\/seo\/ -->\n<title>Conditions g\u00e9n\u00e9rales - Cellura<\/title>\n<meta name=\"description\" content=\"Consultez les conditions g\u00e9n\u00e9rales de Cellura, qui couvrent les obligations des utilisateurs, l\u2019utilisation de la plateforme et les directives juridiques pour notre site de technologie de bioproduction.\" \/>\n<meta name=\"robots\" content=\"index, follow, max-snippet:-1, max-image-preview:large, max-video-preview:-1\" \/>\n<link rel=\"canonical\" href=\"https:\/\/cellura.io\/fr\/conditions-generales\/\" \/>\n<meta property=\"og:locale\" content=\"fr_FR\" \/>\n<meta property=\"og:type\" content=\"article\" \/>\n<meta property=\"og:title\" content=\"Conditions g\u00e9n\u00e9rales - Cellura\" \/>\n<meta property=\"og:description\" content=\"Consultez les conditions g\u00e9n\u00e9rales de Cellura, qui couvrent les obligations des utilisateurs, l\u2019utilisation de la plateforme et les directives juridiques pour notre site de technologie de bioproduction.\" \/>\n<meta property=\"og:url\" content=\"https:\/\/cellura.io\/fr\/conditions-generales\/\" \/>\n<meta property=\"og:site_name\" content=\"Cellura\" \/>\n<meta property=\"article:modified_time\" content=\"2025-06-23T10:26:42+00:00\" \/>\n<meta property=\"og:image\" content=\"https:\/\/cellura.io\/wp-content\/uploads\/2021\/05\/Logo-Cellura-HD-scaled.webp\" \/>\n\t<meta property=\"og:image:width\" content=\"2560\" \/>\n\t<meta property=\"og:image:height\" content=\"1811\" \/>\n\t<meta property=\"og:image:type\" content=\"image\/webp\" \/>\n<meta name=\"twitter:card\" content=\"summary_large_image\" \/>\n<meta name=\"twitter:label1\" content=\"Dur\u00e9e de lecture estim\u00e9e\" \/>\n\t<meta name=\"twitter:data1\" content=\"5 minutes\" \/>\n<script type=\"application\/ld+json\" class=\"yoast-schema-graph\">{\"@context\":\"https:\/\/schema.org\",\"@graph\":[{\"@type\":\"WebPage\",\"@id\":\"https:\/\/cellura.io\/fr\/conditions-generales\/\",\"url\":\"https:\/\/cellura.io\/fr\/conditions-generales\/\",\"name\":\"Conditions g\u00e9n\u00e9rales - Cellura\",\"isPartOf\":{\"@id\":\"https:\/\/cellura.io\/fr\/#website\"},\"primaryImageOfPage\":{\"@id\":\"https:\/\/cellura.io\/fr\/conditions-generales\/#primaryimage\"},\"image\":{\"@id\":\"https:\/\/cellura.io\/fr\/conditions-generales\/#primaryimage\"},\"thumbnailUrl\":\"https:\/\/cellura.io\/wp-content\/uploads\/2021\/05\/Logo-Cellura-HD-scaled.webp\",\"datePublished\":\"2021-05-05T08:23:10+00:00\",\"dateModified\":\"2025-06-23T10:26:42+00:00\",\"description\":\"Consultez les conditions g\u00e9n\u00e9rales de Cellura, qui couvrent les obligations des utilisateurs, l\u2019utilisation de la plateforme et les directives juridiques pour notre site de technologie de bioproduction.\",\"breadcrumb\":{\"@id\":\"https:\/\/cellura.io\/fr\/conditions-generales\/#breadcrumb\"},\"inLanguage\":\"fr-FR\",\"potentialAction\":[{\"@type\":\"ReadAction\",\"target\":[\"https:\/\/cellura.io\/fr\/conditions-generales\/\"]}]},{\"@type\":\"ImageObject\",\"inLanguage\":\"fr-FR\",\"@id\":\"https:\/\/cellura.io\/fr\/conditions-generales\/#primaryimage\",\"url\":\"https:\/\/cellura.io\/wp-content\/uploads\/2021\/05\/Logo-Cellura-HD-scaled.webp\",\"contentUrl\":\"https:\/\/cellura.io\/wp-content\/uploads\/2021\/05\/Logo-Cellura-HD-scaled.webp\",\"width\":2560,\"height\":1811,\"caption\":\"cellura\"},{\"@type\":\"BreadcrumbList\",\"@id\":\"https:\/\/cellura.io\/fr\/conditions-generales\/#breadcrumb\",\"itemListElement\":[{\"@type\":\"ListItem\",\"position\":1,\"name\":\"Home\",\"item\":\"https:\/\/cellura.io\/fr\/accueil\/\"},{\"@type\":\"ListItem\",\"position\":2,\"name\":\"Conditions g\u00e9n\u00e9rales\"}]},{\"@type\":\"WebSite\",\"@id\":\"https:\/\/cellura.io\/fr\/#website\",\"url\":\"https:\/\/cellura.io\/fr\/\",\"name\":\"Cellura\",\"description\":\"Science Research &amp; Technology WP Theme\",\"publisher\":{\"@id\":\"https:\/\/cellura.io\/fr\/#organization\"},\"alternateName\":\"Cellura\",\"potentialAction\":[{\"@type\":\"SearchAction\",\"target\":{\"@type\":\"EntryPoint\",\"urlTemplate\":\"https:\/\/cellura.io\/fr\/?s={search_term_string}\"},\"query-input\":{\"@type\":\"PropertyValueSpecification\",\"valueRequired\":true,\"valueName\":\"search_term_string\"}}],\"inLanguage\":\"fr-FR\"},{\"@type\":\"Organization\",\"@id\":\"https:\/\/cellura.io\/fr\/#organization\",\"name\":\"Cellura\",\"url\":\"https:\/\/cellura.io\/fr\/\",\"logo\":{\"@type\":\"ImageObject\",\"inLanguage\":\"fr-FR\",\"@id\":\"https:\/\/cellura.io\/fr\/#\/schema\/logo\/image\/\",\"url\":\"https:\/\/cellura.io\/wp-content\/uploads\/2025\/04\/cropped-Logo-Cellura-HD-scaled-2.webp\",\"contentUrl\":\"https:\/\/cellura.io\/wp-content\/uploads\/2025\/04\/cropped-Logo-Cellura-HD-scaled-2.webp\",\"width\":2560,\"height\":833,\"caption\":\"Cellura\"},\"image\":{\"@id\":\"https:\/\/cellura.io\/fr\/#\/schema\/logo\/image\/\"}}]}<\/script>\n<!-- \/ Yoast SEO plugin. -->","yoast_head_json":{"title":"Conditions g\u00e9n\u00e9rales - Cellura","description":"Consultez les conditions g\u00e9n\u00e9rales de Cellura, qui couvrent les obligations des utilisateurs, l\u2019utilisation de la plateforme et les directives juridiques pour notre site de technologie de bioproduction.","robots":{"index":"index","follow":"follow","max-snippet":"max-snippet:-1","max-image-preview":"max-image-preview:large","max-video-preview":"max-video-preview:-1"},"canonical":"https:\/\/cellura.io\/fr\/conditions-generales\/","og_locale":"fr_FR","og_type":"article","og_title":"Conditions g\u00e9n\u00e9rales - Cellura","og_description":"Consultez les conditions g\u00e9n\u00e9rales de Cellura, qui couvrent les obligations des utilisateurs, l\u2019utilisation de la plateforme et les directives juridiques pour notre site de technologie de bioproduction.","og_url":"https:\/\/cellura.io\/fr\/conditions-generales\/","og_site_name":"Cellura","article_modified_time":"2025-06-23T10:26:42+00:00","og_image":[{"width":2560,"height":1811,"url":"https:\/\/cellura.io\/wp-content\/uploads\/2021\/05\/Logo-Cellura-HD-scaled.webp","type":"image\/webp"}],"twitter_card":"summary_large_image","twitter_misc":{"Dur\u00e9e de lecture estim\u00e9e":"5 minutes"},"schema":{"@context":"https:\/\/schema.org","@graph":[{"@type":"WebPage","@id":"https:\/\/cellura.io\/fr\/conditions-generales\/","url":"https:\/\/cellura.io\/fr\/conditions-generales\/","name":"Conditions g\u00e9n\u00e9rales - Cellura","isPartOf":{"@id":"https:\/\/cellura.io\/fr\/#website"},"primaryImageOfPage":{"@id":"https:\/\/cellura.io\/fr\/conditions-generales\/#primaryimage"},"image":{"@id":"https:\/\/cellura.io\/fr\/conditions-generales\/#primaryimage"},"thumbnailUrl":"https:\/\/cellura.io\/wp-content\/uploads\/2021\/05\/Logo-Cellura-HD-scaled.webp","datePublished":"2021-05-05T08:23:10+00:00","dateModified":"2025-06-23T10:26:42+00:00","description":"Consultez les conditions g\u00e9n\u00e9rales de Cellura, qui couvrent les obligations des utilisateurs, l\u2019utilisation de la plateforme et les directives juridiques pour notre site de technologie de bioproduction.","breadcrumb":{"@id":"https:\/\/cellura.io\/fr\/conditions-generales\/#breadcrumb"},"inLanguage":"fr-FR","potentialAction":[{"@type":"ReadAction","target":["https:\/\/cellura.io\/fr\/conditions-generales\/"]}]},{"@type":"ImageObject","inLanguage":"fr-FR","@id":"https:\/\/cellura.io\/fr\/conditions-generales\/#primaryimage","url":"https:\/\/cellura.io\/wp-content\/uploads\/2021\/05\/Logo-Cellura-HD-scaled.webp","contentUrl":"https:\/\/cellura.io\/wp-content\/uploads\/2021\/05\/Logo-Cellura-HD-scaled.webp","width":2560,"height":1811,"caption":"cellura"},{"@type":"BreadcrumbList","@id":"https:\/\/cellura.io\/fr\/conditions-generales\/#breadcrumb","itemListElement":[{"@type":"ListItem","position":1,"name":"Home","item":"https:\/\/cellura.io\/fr\/accueil\/"},{"@type":"ListItem","position":2,"name":"Conditions g\u00e9n\u00e9rales"}]},{"@type":"WebSite","@id":"https:\/\/cellura.io\/fr\/#website","url":"https:\/\/cellura.io\/fr\/","name":"Cellura","description":"Science Research &amp; Technology WP Theme","publisher":{"@id":"https:\/\/cellura.io\/fr\/#organization"},"alternateName":"Cellura","potentialAction":[{"@type":"SearchAction","target":{"@type":"EntryPoint","urlTemplate":"https:\/\/cellura.io\/fr\/?s={search_term_string}"},"query-input":{"@type":"PropertyValueSpecification","valueRequired":true,"valueName":"search_term_string"}}],"inLanguage":"fr-FR"},{"@type":"Organization","@id":"https:\/\/cellura.io\/fr\/#organization","name":"Cellura","url":"https:\/\/cellura.io\/fr\/","logo":{"@type":"ImageObject","inLanguage":"fr-FR","@id":"https:\/\/cellura.io\/fr\/#\/schema\/logo\/image\/","url":"https:\/\/cellura.io\/wp-content\/uploads\/2025\/04\/cropped-Logo-Cellura-HD-scaled-2.webp","contentUrl":"https:\/\/cellura.io\/wp-content\/uploads\/2025\/04\/cropped-Logo-Cellura-HD-scaled-2.webp","width":2560,"height":833,"caption":"Cellura"},"image":{"@id":"https:\/\/cellura.io\/fr\/#\/schema\/logo\/image\/"}}]}},"_links":{"self":[{"href":"https:\/\/cellura.io\/fr\/wp-json\/wp\/v2\/pages\/23313","targetHints":{"allow":["GET"]}}],"collection":[{"href":"https:\/\/cellura.io\/fr\/wp-json\/wp\/v2\/pages"}],"about":[{"href":"https:\/\/cellura.io\/fr\/wp-json\/wp\/v2\/types\/page"}],"author":[{"embeddable":true,"href":"https:\/\/cellura.io\/fr\/wp-json\/wp\/v2\/users\/1"}],"replies":[{"embeddable":true,"href":"https:\/\/cellura.io\/fr\/wp-json\/wp\/v2\/comments?post=23313"}],"version-history":[{"count":13,"href":"https:\/\/cellura.io\/fr\/wp-json\/wp\/v2\/pages\/23313\/revisions"}],"predecessor-version":[{"id":23774,"href":"https:\/\/cellura.io\/fr\/wp-json\/wp\/v2\/pages\/23313\/revisions\/23774"}],"wp:featuredmedia":[{"embeddable":true,"href":"https:\/\/cellura.io\/fr\/wp-json\/wp\/v2\/media\/22916"}],"wp:attachment":[{"href":"https:\/\/cellura.io\/fr\/wp-json\/wp\/v2\/media?parent=23313"}],"curies":[{"name":"wp","href":"https:\/\/api.w.org\/{rel}","templated":true}]}}